{"id":11,"date":"2025-09-05T22:13:45","date_gmt":"2025-09-05T22:13:45","guid":{"rendered":"https:\/\/thisnthat.se\/varukorg\/"},"modified":"2025-10-09T16:09:21","modified_gmt":"2025-10-09T16:09:21","slug":"cart","status":"publish","type":"page","link":"https:\/\/thisnthat.se\/sv\/cart\/","title":{"rendered":"Cart"},"content":{"rendered":"<div data-block-name=\"woocommerce\/cart\" class=\"wp-block-woocommerce-cart alignwide is-loading\">\n<div data-block-name=\"woocommerce\/filled-cart-block\" class=\"wp-block-woocommerce-filled-cart-block\">\n<div data-block-name=\"woocommerce\/cart-items-block\" class=\"wp-block-woocommerce-cart-items-block\">\n<div data-block-name=\"woocommerce\/cart-line-items-block\" class=\"wp-block-woocommerce-cart-line-items-block\"><\/div>\n\n\n\n<div data-block-name=\"woocommerce\/cart-cross-sells-block\" class=\"wp-block-woocommerce-cart-cross-sells-block\">\n<h2 class=\"wp-block-heading has-large-font-size\">Du kanske \u00e4r intresserad av \u2026<\/h2>\n\n\n\n<div data-block-name=\"woocommerce\/cart-cross-sells-products-block\" class=\"wp-block-woocommerce-cart-cross-sells-products-block\"><\/div>\n<\/div>\n<\/div>\n\n\n\n<div data-block-name=\"woocommerce\/cart-totals-block\" class=\"wp-block-woocommerce-cart-totals-block\">\n<div data-block-name=\"woocommerce\/cart-order-summary-block\" class=\"wp-block-woocommerce-cart-order-summary-block\">\n<div data-block-name=\"woocommerce\/cart-order-summary-heading-block\" class=\"wp-block-woocommerce-cart-order-summary-heading-block\"><\/div><div data-block-name=\"woocommerce\/cart-order-summary-coupon-form-block\" class=\"wp-block-woocommerce-cart-order-summary-coupon-form-block\"><\/div><div data-block-name=\"woocommerce\/cart-order-summary-totals-block\" class=\"wp-block-woocommerce-cart-order-summary-totals-block\">\n<div data-block-name=\"woocommerce\/cart-order-summary-subtotal-block\" class=\"wp-block-woocommerce-cart-order-summary-subtotal-block\"><\/div>\n<div data-block-name=\"woocommerce\/cart-order-summary-discount-block\" class=\"wp-block-woocommerce-cart-order-summary-discount-block\"><\/div>\n<div data-block-name=\"woocommerce\/cart-order-summary-fee-block\" class=\"wp-block-woocommerce-cart-order-summary-fee-block\"><\/div>\n<div data-block-name=\"woocommerce\/cart-order-summary-shipping-block\" class=\"wp-block-woocommerce-cart-order-summary-shipping-block\"><\/div>\n<div data-block-name=\"woocommerce\/cart-order-summary-taxes-block\" class=\"wp-block-woocommerce-cart-order-summary-taxes-block\"><\/div><\/div>\n<\/div>\n\n\n\n<div data-block-name=\"woocommerce\/cart-express-payment-block\" class=\"wp-block-woocommerce-cart-express-payment-block\"><\/div>\n\n\n\n<div data-block-name=\"woocommerce\/proceed-to-checkout-block\" class=\"wp-block-woocommerce-proceed-to-checkout-block\"><\/div>\n\n\n\n<div data-block-name=\"woocommerce\/cart-accepted-payment-methods-block\" class=\"wp-block-woocommerce-cart-accepted-payment-methods-block\"><\/div>\n<\/div>\n<\/div>\n\n\n\n<div data-block-name=\"woocommerce\/empty-cart-block\" class=\"wp-block-woocommerce-empty-cart-block\">\n<h2 class=\"wp-block-heading has-text-align-center with-empty-cart-icon wc-block-cart__empty-cart__title\">Din varukorg \u00e4r f\u00f6r n\u00e4rvarande tom!<\/h2>\n\n\n\n<hr class=\"wp-block-separator has-alpha-channel-opacity is-style-dots\"\/>\n\n\n\n<h2 class=\"wp-block-heading has-text-align-center\">Nytt i butik<\/h2>\n\n\n<div data-block-name=\"woocommerce\/product-new\" data-columns=\"4\" data-rows=\"1\" class=\"wc-block-grid wp-block-product-new wp-block-woocommerce-product-new wc-block-product-new has-4-columns\"><ul class=\"wc-block-grid__products\"><li class=\"wc-block-grid__product\"><div\n\tclass=\"wlfmc-add-to-wishlist wlfmc-add-to-wishlist-103  wlfmc-loop-btn wlfmc_position_image_top_right wlfmc-btn-type-icon wlfmc-top-of-image image_top_right show-remove-after-add\"\n\tdata-remove-url=\"?remove_from_wishlist=#product_id\"\n\tdata-add-url=\"?add_to_wishlist=#product_id\"\n\tdata-enable-outofstock=\"1\"\n\tdata-popup-id=\"\"\n>\n\t\n\t\t\t\t\t\t<!-- ADD TO WISHLIST -->\n\t\t<div class=\"wlfmc-add-button  wlfmc-addtowishlist  wlfmc-tooltip wlfmc-tooltip-top\"\n\t\t\tdata-tooltip-text=\"Add To Wishlist\"\n\t\t\tdata-tooltip-type=\"default\">\n\t\t\t<a\n\t\t\t\thref=\"#\" rel=\"nofollow\"\n\t\t\t\taria-label=\"Add to wishlist\"\t\t\t\tdata-product-id=\"103\"\n\t\t\t\tdata-product-type=\"simple\"\n\t\t\t\tdata-parent-product-id=\"103\"\n\t\t\t\tdata-e-disable-page-transition\n\t\t\t\tclass=\"wlfmc_add_to_wishlist wlfmc-custom-btn alt \">\n\t\t\t\t<i class=\"wlfmc-icon-heart-regular-2\"><\/i>\t\t\t<\/a>\n\t\t<\/div>\n\t\t\t\t\t<!-- REMOVE FROM WISHLIST -->\n\t\t\t<div class=\"wlfmc-add-button  wlfmc-removefromwishlist  wlfmc-tooltip wlfmc-tooltip-top\"\n\t\t\t\tdata-tooltip-type=\"default\"\n\t\t\t\tdata-tooltip-text=\"Remove From Wishlist\">\n\t\t\t\t<a\n\t\t\t\t\thref=\"#\" rel=\"nofollow\"\n\t\t\t\t\tdata-wishlist-id=\"\"\n\t\t\t\t\tdata-item-id=\"\"\n\t\t\t\t\taria-label=\"Remove from wishlist\"\t\t\t\t\tdata-product-id=\"103\"\n\t\t\t\t\tdata-product-type=\"simple\"\n\t\t\t\t\tdata-parent-product-id=\"103\"\n\t\t\t\t\tdata-e-disable-page-transition\n\t\t\t\t\tclass=\"wlfmc_delete_item  wlfmc-custom-btn alt \">\n\t\t\t\t\t<i class=\"wlfmc-icon-heart-regular-2-o\"><\/i>\t\t\t\t<\/a>\n\t\t\t<\/div>\n\t\t\t\t\n\t\n<\/div>\n<a href=\"https:\/\/thisnthat.se\/sv\/produkt\/product5\/\" class=\"wc-block-grid__product-link\"><div class=\"wc-block-grid__product-image\"><img fetchpriority=\"high\" decoding=\"async\" width=\"300\" height=\"300\" src=\"https:\/\/thisnthat.se\/wp-content\/uploads\/woocommerce-placeholder.webp\" class=\"woocommerce-placeholder wp-post-image\" alt=\"\" srcset=\"https:\/\/thisnthat.se\/wp-content\/uploads\/woocommerce-placeholder.webp 1200w, https:\/\/thisnthat.se\/wp-content\/uploads\/woocommerce-placeholder-300x300.webp 300w, https:\/\/thisnthat.se\/wp-content\/uploads\/woocommerce-placeholder-1024x1024.webp 1024w, https:\/\/thisnthat.se\/wp-content\/uploads\/woocommerce-placeholder-150x150.webp 150w, https:\/\/thisnthat.se\/wp-content\/uploads\/woocommerce-placeholder-768x768.webp 768w\" sizes=\"(max-width: 300px) 100vw, 300px\" \/><\/div> <div class=\"wc-block-grid__product-title\">product5<\/div><\/a><div class=\"wc-block-grid__product-onsale\">\n\t\t\t<span aria-hidden=\"true\" data-no-translation=\"\" data-trp-gettext=\"\">Rea<\/span>\n\t\t\t<span class=\"screen-reader-text\" data-no-translation=\"\" data-trp-gettext=\"\">Produkter p\u00e5 rea<\/span>\n\t\t<\/div><div class=\"wc-block-grid__product-price price\"><del aria-hidden=\"true\"><span class=\"woocommerce-Price-amount amount\"><bdi>37,49&nbsp;<span class=\"woocommerce-Price-currencySymbol\">&#107;&#114;<\/span><\/bdi><\/span><\/del> <span class=\"screen-reader-text\" data-no-translation=\"\" data-trp-gettext=\"\">Det ursprungliga priset var: 37,49&nbsp;&#107;&#114;.<\/span><ins aria-hidden=\"true\"><span class=\"woocommerce-Price-amount amount\"><bdi>24,99&nbsp;<span class=\"woocommerce-Price-currencySymbol\">&#107;&#114;<\/span><\/bdi><\/span><\/ins><span class=\"screen-reader-text\" data-no-translation=\"\" data-trp-gettext=\"\">Det nuvarande priset \u00e4r: 24,99&nbsp;&#107;&#114;.<\/span> <small class=\"woocommerce-price-suffix\">Inklusive moms<\/small><\/div><div class=\"wp-block-button wc-block-grid__product-add-to-cart\"><a href=\"\/sv\/wp-json\/wp\/v2\/pages\/11?add-to-cart=103\" aria-label=\"L\u00e4gg till i varukorgen: \u201dproduct5\u201d\" data-quantity=\"1\" data-product_id=\"103\" data-product_sku=\"prod5-123\" data-price=\"24.99\" rel=\"nofollow\" class=\"wp-block-button__link  add_to_cart_button ajax_add_to_cart\" data-no-translation=\"\" data-trp-gettext=\"\" data-no-translation-aria-label=\"\">L\u00e4gg i kundvagn<\/a><\/div><\/li><li class=\"wc-block-grid__product\"><div\n\tclass=\"wlfmc-add-to-wishlist wlfmc-add-to-wishlist-102  wlfmc-loop-btn wlfmc_position_image_top_right wlfmc-btn-type-icon wlfmc-top-of-image image_top_right show-remove-after-add\"\n\tdata-remove-url=\"?remove_from_wishlist=#product_id\"\n\tdata-add-url=\"?add_to_wishlist=#product_id\"\n\tdata-enable-outofstock=\"1\"\n\tdata-popup-id=\"\"\n>\n\t\n\t\t\t\t\t\t<!-- ADD TO WISHLIST -->\n\t\t<div class=\"wlfmc-add-button  wlfmc-addtowishlist  wlfmc-tooltip wlfmc-tooltip-top\"\n\t\t\tdata-tooltip-text=\"Add To Wishlist\"\n\t\t\tdata-tooltip-type=\"default\">\n\t\t\t<a\n\t\t\t\thref=\"#\" rel=\"nofollow\"\n\t\t\t\taria-label=\"Add to wishlist\"\t\t\t\tdata-product-id=\"102\"\n\t\t\t\tdata-product-type=\"simple\"\n\t\t\t\tdata-parent-product-id=\"102\"\n\t\t\t\tdata-e-disable-page-transition\n\t\t\t\tclass=\"wlfmc_add_to_wishlist wlfmc-custom-btn alt \">\n\t\t\t\t<i class=\"wlfmc-icon-heart-regular-2\"><\/i>\t\t\t<\/a>\n\t\t<\/div>\n\t\t\t\t\t<!-- REMOVE FROM WISHLIST -->\n\t\t\t<div class=\"wlfmc-add-button  wlfmc-removefromwishlist  wlfmc-tooltip wlfmc-tooltip-top\"\n\t\t\t\tdata-tooltip-type=\"default\"\n\t\t\t\tdata-tooltip-text=\"Remove From Wishlist\">\n\t\t\t\t<a\n\t\t\t\t\thref=\"#\" rel=\"nofollow\"\n\t\t\t\t\tdata-wishlist-id=\"\"\n\t\t\t\t\tdata-item-id=\"\"\n\t\t\t\t\taria-label=\"Remove from wishlist\"\t\t\t\t\tdata-product-id=\"102\"\n\t\t\t\t\tdata-product-type=\"simple\"\n\t\t\t\t\tdata-parent-product-id=\"102\"\n\t\t\t\t\tdata-e-disable-page-transition\n\t\t\t\t\tclass=\"wlfmc_delete_item  wlfmc-custom-btn alt \">\n\t\t\t\t\t<i class=\"wlfmc-icon-heart-regular-2-o\"><\/i>\t\t\t\t<\/a>\n\t\t\t<\/div>\n\t\t\t\t\n\t\n<\/div>\n<a href=\"https:\/\/thisnthat.se\/sv\/produkt\/product4\/\" class=\"wc-block-grid__product-link\"><div class=\"wc-block-grid__product-image\"><img fetchpriority=\"high\" decoding=\"async\" width=\"300\" height=\"300\" src=\"https:\/\/thisnthat.se\/wp-content\/uploads\/woocommerce-placeholder.webp\" class=\"woocommerce-placeholder wp-post-image\" alt=\"\" srcset=\"https:\/\/thisnthat.se\/wp-content\/uploads\/woocommerce-placeholder.webp 1200w, https:\/\/thisnthat.se\/wp-content\/uploads\/woocommerce-placeholder-300x300.webp 300w, https:\/\/thisnthat.se\/wp-content\/uploads\/woocommerce-placeholder-1024x1024.webp 1024w, https:\/\/thisnthat.se\/wp-content\/uploads\/woocommerce-placeholder-150x150.webp 150w, https:\/\/thisnthat.se\/wp-content\/uploads\/woocommerce-placeholder-768x768.webp 768w\" sizes=\"(max-width: 300px) 100vw, 300px\" \/><\/div> <div class=\"wc-block-grid__product-title\">product4<\/div><\/a><div class=\"wc-block-grid__product-onsale\">\n\t\t\t<span aria-hidden=\"true\" data-no-translation=\"\" data-trp-gettext=\"\">Rea<\/span>\n\t\t\t<span class=\"screen-reader-text\" data-no-translation=\"\" data-trp-gettext=\"\">Produkter p\u00e5 rea<\/span>\n\t\t<\/div><div class=\"wc-block-grid__product-price price\"><del aria-hidden=\"true\"><span class=\"woocommerce-Price-amount amount\"><bdi>124,99&nbsp;<span class=\"woocommerce-Price-currencySymbol\">&#107;&#114;<\/span><\/bdi><\/span><\/del> <span class=\"screen-reader-text\" data-no-translation=\"\" data-trp-gettext=\"\">Det ursprungliga priset var: 124,99&nbsp;&#107;&#114;.<\/span><ins aria-hidden=\"true\"><span class=\"woocommerce-Price-amount amount\"><bdi>112,49&nbsp;<span class=\"woocommerce-Price-currencySymbol\">&#107;&#114;<\/span><\/bdi><\/span><\/ins><span class=\"screen-reader-text\" data-no-translation=\"\" data-trp-gettext=\"\">Det nuvarande priset \u00e4r: 112,49&nbsp;&#107;&#114;.<\/span> <small class=\"woocommerce-price-suffix\">Inklusive moms<\/small><\/div><div class=\"wp-block-button wc-block-grid__product-add-to-cart\"><a href=\"\/sv\/wp-json\/wp\/v2\/pages\/11?add-to-cart=102\" aria-label=\"L\u00e4gg till i varukorgen: \u201dproduct4\u201d\" data-quantity=\"1\" data-product_id=\"102\" data-product_sku=\"prod4-123\" data-price=\"112.49\" rel=\"nofollow\" class=\"wp-block-button__link  add_to_cart_button ajax_add_to_cart\" data-no-translation=\"\" data-trp-gettext=\"\" data-no-translation-aria-label=\"\">L\u00e4gg i kundvagn<\/a><\/div><\/li><li class=\"wc-block-grid__product\"><div\n\tclass=\"wlfmc-add-to-wishlist wlfmc-add-to-wishlist-67  wlfmc-loop-btn wlfmc_position_image_top_right wlfmc-btn-type-icon wlfmc-top-of-image image_top_right show-remove-after-add\"\n\tdata-remove-url=\"?remove_from_wishlist=#product_id\"\n\tdata-add-url=\"?add_to_wishlist=#product_id\"\n\tdata-enable-outofstock=\"1\"\n\tdata-popup-id=\"\"\n>\n\t\n\t\t\t\t\t\t<!-- ADD TO WISHLIST -->\n\t\t<div class=\"wlfmc-add-button  wlfmc-addtowishlist  wlfmc-tooltip wlfmc-tooltip-top\"\n\t\t\tdata-tooltip-text=\"Add To Wishlist\"\n\t\t\tdata-tooltip-type=\"default\">\n\t\t\t<a\n\t\t\t\thref=\"#\" rel=\"nofollow\"\n\t\t\t\taria-label=\"Add to wishlist\"\t\t\t\tdata-product-id=\"67\"\n\t\t\t\tdata-product-type=\"simple\"\n\t\t\t\tdata-parent-product-id=\"67\"\n\t\t\t\tdata-e-disable-page-transition\n\t\t\t\tclass=\"wlfmc_add_to_wishlist wlfmc-custom-btn alt \">\n\t\t\t\t<i class=\"wlfmc-icon-heart-regular-2\"><\/i>\t\t\t<\/a>\n\t\t<\/div>\n\t\t\t\t\t<!-- REMOVE FROM WISHLIST -->\n\t\t\t<div class=\"wlfmc-add-button  wlfmc-removefromwishlist  wlfmc-tooltip wlfmc-tooltip-top\"\n\t\t\t\tdata-tooltip-type=\"default\"\n\t\t\t\tdata-tooltip-text=\"Remove From Wishlist\">\n\t\t\t\t<a\n\t\t\t\t\thref=\"#\" rel=\"nofollow\"\n\t\t\t\t\tdata-wishlist-id=\"\"\n\t\t\t\t\tdata-item-id=\"\"\n\t\t\t\t\taria-label=\"Remove from wishlist\"\t\t\t\t\tdata-product-id=\"67\"\n\t\t\t\t\tdata-product-type=\"simple\"\n\t\t\t\t\tdata-parent-product-id=\"67\"\n\t\t\t\t\tdata-e-disable-page-transition\n\t\t\t\t\tclass=\"wlfmc_delete_item  wlfmc-custom-btn alt \">\n\t\t\t\t\t<i class=\"wlfmc-icon-heart-regular-2-o\"><\/i>\t\t\t\t<\/a>\n\t\t\t<\/div>\n\t\t\t\t\n\t\n<\/div>\n<a href=\"https:\/\/thisnthat.se\/sv\/produkt\/product3\/\" class=\"wc-block-grid__product-link\"><div class=\"wc-block-grid__product-image\"><img fetchpriority=\"high\" decoding=\"async\" width=\"300\" height=\"300\" src=\"https:\/\/thisnthat.se\/wp-content\/uploads\/woocommerce-placeholder.webp\" class=\"woocommerce-placeholder wp-post-image\" alt=\"\" srcset=\"https:\/\/thisnthat.se\/wp-content\/uploads\/woocommerce-placeholder.webp 1200w, https:\/\/thisnthat.se\/wp-content\/uploads\/woocommerce-placeholder-300x300.webp 300w, https:\/\/thisnthat.se\/wp-content\/uploads\/woocommerce-placeholder-1024x1024.webp 1024w, https:\/\/thisnthat.se\/wp-content\/uploads\/woocommerce-placeholder-150x150.webp 150w, https:\/\/thisnthat.se\/wp-content\/uploads\/woocommerce-placeholder-768x768.webp 768w\" sizes=\"(max-width: 300px) 100vw, 300px\" \/><\/div> <div class=\"wc-block-grid__product-title\">product3<\/div><\/a><div class=\"wc-block-grid__product-price price\"><span class=\"woocommerce-Price-amount amount\"><bdi>22,49&nbsp;<span class=\"woocommerce-Price-currencySymbol\">&#107;&#114;<\/span><\/bdi><\/span> <small class=\"woocommerce-price-suffix\">Inklusive moms<\/small><\/div><div class=\"wp-block-button wc-block-grid__product-add-to-cart\"><a href=\"\/sv\/wp-json\/wp\/v2\/pages\/11?add-to-cart=67\" aria-label=\"L\u00e4gg till i varukorgen: \u201dproduct3\u201d\" data-quantity=\"1\" data-product_id=\"67\" data-product_sku=\"prod3-123\" data-price=\"22.49\" rel=\"nofollow\" class=\"wp-block-button__link  add_to_cart_button ajax_add_to_cart\" data-no-translation=\"\" data-trp-gettext=\"\" data-no-translation-aria-label=\"\">L\u00e4gg i kundvagn<\/a><\/div><\/li><li class=\"wc-block-grid__product\"><div\n\tclass=\"wlfmc-add-to-wishlist wlfmc-add-to-wishlist-66  wlfmc-loop-btn wlfmc_position_image_top_right wlfmc-btn-type-icon wlfmc-top-of-image image_top_right show-remove-after-add\"\n\tdata-remove-url=\"?remove_from_wishlist=#product_id\"\n\tdata-add-url=\"?add_to_wishlist=#product_id\"\n\tdata-enable-outofstock=\"1\"\n\tdata-popup-id=\"\"\n>\n\t\n\t\t\t\t\t\t<!-- ADD TO WISHLIST -->\n\t\t<div class=\"wlfmc-add-button  wlfmc-addtowishlist  wlfmc-tooltip wlfmc-tooltip-top\"\n\t\t\tdata-tooltip-text=\"Add To Wishlist\"\n\t\t\tdata-tooltip-type=\"default\">\n\t\t\t<a\n\t\t\t\thref=\"#\" rel=\"nofollow\"\n\t\t\t\taria-label=\"Add to wishlist\"\t\t\t\tdata-product-id=\"66\"\n\t\t\t\tdata-product-type=\"simple\"\n\t\t\t\tdata-parent-product-id=\"66\"\n\t\t\t\tdata-e-disable-page-transition\n\t\t\t\tclass=\"wlfmc_add_to_wishlist wlfmc-custom-btn alt \">\n\t\t\t\t<i class=\"wlfmc-icon-heart-regular-2\"><\/i>\t\t\t<\/a>\n\t\t<\/div>\n\t\t\t\t\t<!-- REMOVE FROM WISHLIST -->\n\t\t\t<div class=\"wlfmc-add-button  wlfmc-removefromwishlist  wlfmc-tooltip wlfmc-tooltip-top\"\n\t\t\t\tdata-tooltip-type=\"default\"\n\t\t\t\tdata-tooltip-text=\"Remove From Wishlist\">\n\t\t\t\t<a\n\t\t\t\t\thref=\"#\" rel=\"nofollow\"\n\t\t\t\t\tdata-wishlist-id=\"\"\n\t\t\t\t\tdata-item-id=\"\"\n\t\t\t\t\taria-label=\"Remove from wishlist\"\t\t\t\t\tdata-product-id=\"66\"\n\t\t\t\t\tdata-product-type=\"simple\"\n\t\t\t\t\tdata-parent-product-id=\"66\"\n\t\t\t\t\tdata-e-disable-page-transition\n\t\t\t\t\tclass=\"wlfmc_delete_item  wlfmc-custom-btn alt \">\n\t\t\t\t\t<i class=\"wlfmc-icon-heart-regular-2-o\"><\/i>\t\t\t\t<\/a>\n\t\t\t<\/div>\n\t\t\t\t\n\t\n<\/div>\n<a href=\"https:\/\/thisnthat.se\/sv\/produkt\/product2\/\" class=\"wc-block-grid__product-link\"><div class=\"wc-block-grid__product-image\"><img fetchpriority=\"high\" decoding=\"async\" width=\"300\" height=\"300\" src=\"https:\/\/thisnthat.se\/wp-content\/uploads\/woocommerce-placeholder.webp\" class=\"woocommerce-placeholder wp-post-image\" alt=\"\" srcset=\"https:\/\/thisnthat.se\/wp-content\/uploads\/woocommerce-placeholder.webp 1200w, https:\/\/thisnthat.se\/wp-content\/uploads\/woocommerce-placeholder-300x300.webp 300w, https:\/\/thisnthat.se\/wp-content\/uploads\/woocommerce-placeholder-1024x1024.webp 1024w, https:\/\/thisnthat.se\/wp-content\/uploads\/woocommerce-placeholder-150x150.webp 150w, https:\/\/thisnthat.se\/wp-content\/uploads\/woocommerce-placeholder-768x768.webp 768w\" sizes=\"(max-width: 300px) 100vw, 300px\" \/><\/div> <div class=\"wc-block-grid__product-title\">Product2<\/div><\/a><div class=\"wc-block-grid__product-onsale\">\n\t\t\t<span aria-hidden=\"true\" data-no-translation=\"\" data-trp-gettext=\"\">Rea<\/span>\n\t\t\t<span class=\"screen-reader-text\" data-no-translation=\"\" data-trp-gettext=\"\">Produkter p\u00e5 rea<\/span>\n\t\t<\/div><div class=\"wc-block-grid__product-price price\"><del aria-hidden=\"true\"><span class=\"woocommerce-Price-amount amount\"><bdi>624,99&nbsp;<span class=\"woocommerce-Price-currencySymbol\">&#107;&#114;<\/span><\/bdi><\/span><\/del> <span class=\"screen-reader-text\" data-no-translation=\"\" data-trp-gettext=\"\">Det ursprungliga priset var: 624,99&nbsp;&#107;&#114;.<\/span><ins aria-hidden=\"true\"><span class=\"woocommerce-Price-amount amount\"><bdi>499,99&nbsp;<span class=\"woocommerce-Price-currencySymbol\">&#107;&#114;<\/span><\/bdi><\/span><\/ins><span class=\"screen-reader-text\" data-no-translation=\"\" data-trp-gettext=\"\">Det nuvarande priset \u00e4r: 499,99&nbsp;&#107;&#114;.<\/span> <small class=\"woocommerce-price-suffix\">Inklusive moms<\/small><\/div><div class=\"wp-block-button wc-block-grid__product-add-to-cart\"><a href=\"\/sv\/wp-json\/wp\/v2\/pages\/11?add-to-cart=66\" aria-label=\"L\u00e4gg till i varukorgen: \u201dProduct2\u201d\" data-quantity=\"1\" data-product_id=\"66\" data-product_sku=\"prod2-123\" data-price=\"499.99\" rel=\"nofollow\" class=\"wp-block-button__link  add_to_cart_button ajax_add_to_cart\" data-no-translation=\"\" data-trp-gettext=\"\" data-no-translation-aria-label=\"\">L\u00e4gg i kundvagn<\/a><\/div><\/li><\/ul><\/div><\/div>\n<\/div>","protected":false},"excerpt":{"rendered":"","protected":false},"author":1,"featured_media":0,"parent":0,"menu_order":0,"comment_status":"closed","ping_status":"closed","template":"","meta":{"footnotes":""},"class_list":["post-11","page","type-page","status-publish","hentry"],"jetpack_sharing_enabled":true,"_links":{"self":[{"href":"https:\/\/thisnthat.se\/sv\/wp-json\/wp\/v2\/pages\/11","targetHints":{"allow":["GET"]}}],"collection":[{"href":"https:\/\/thisnthat.se\/sv\/wp-json\/wp\/v2\/pages"}],"about":[{"href":"https:\/\/thisnthat.se\/sv\/wp-json\/wp\/v2\/types\/page"}],"author":[{"embeddable":true,"href":"https:\/\/thisnthat.se\/sv\/wp-json\/wp\/v2\/users\/1"}],"replies":[{"embeddable":true,"href":"https:\/\/thisnthat.se\/sv\/wp-json\/wp\/v2\/comments?post=11"}],"version-history":[{"count":2,"href":"https:\/\/thisnthat.se\/sv\/wp-json\/wp\/v2\/pages\/11\/revisions"}],"predecessor-version":[{"id":221,"href":"https:\/\/thisnthat.se\/sv\/wp-json\/wp\/v2\/pages\/11\/revisions\/221"}],"wp:attachment":[{"href":"https:\/\/thisnthat.se\/sv\/wp-json\/wp\/v2\/media?parent=11"}],"curies":[{"name":"wp","href":"https:\/\/api.w.org\/{rel}","templated":true}]}}